{"id":610,"date":"2025-01-09T12:57:59","date_gmt":"2025-01-09T12:57:59","guid":{"rendered":"https:\/\/alternative-medizin.net\/?page_id=610"},"modified":"2025-01-11T22:52:38","modified_gmt":"2025-01-11T22:52:38","slug":"fragen-antworten","status":"publish","type":"page","link":"https:\/\/alternative-medizin.net\/?page_id=610","title":{"rendered":"Fragen &amp; Antworten"},"content":{"rendered":"\n<div class=\"wp-block-uagb-container uagb-block-0ccd402d alignfull uagb-is-root-container\"><div class=\"uagb-container-inner-blocks-wrap\"><div class=\"wp-block-uagb-faq uagb-faq__outer-wrap uagb-block-a2236d49 uagb-faq-icon-row uagb-faq-layout-accordion uagb-faq-expand-first-true uagb-faq-inactive-other-true uagb-faq__wrap uagb-buttons-layout-wrap uagb-faq-equal-height     \" data-faqtoggle=\"true\" role=\"tablist\"><div class=\"wp-block-uagb-faq-child uagb-faq-child__outer-wrap uagb-faq-item uagb-block-bc58f9dc \" role=\"tab\" tabindex=\"0\"><div class=\"uagb-faq-questions-button uagb-faq-questions\">\t\t\t<span class=\"uagb-icon uagb-faq-icon-wrap\">\n\t\t\t\t\t\t\t\t<svg xmlns=\"https:\/\/www.w3.org\/2000\/svg\" viewBox= \"0 0 448 512\"><path d=\"M432 256c0 17.69-14.33 32.01-32 32.01H256v144c0 17.69-14.33 31.99-32 31.99s-32-14.3-32-31.99v-144H48c-17.67 0-32-14.32-32-32.01s14.33-31.99 32-31.99H192v-144c0-17.69 14.33-32.01 32-32.01s32 14.32 32 32.01v144h144C417.7 224 432 238.3 432 256z\"><\/path><\/svg>\n\t\t\t\t\t\t\t<\/span>\n\t\t\t\t\t\t<span class=\"uagb-icon-active uagb-faq-icon-wrap\">\n\t\t\t\t\t\t\t\t<svg xmlns=\"https:\/\/www.w3.org\/2000\/svg\" viewBox= \"0 0 448 512\"><path d=\"M400 288h-352c-17.69 0-32-14.32-32-32.01s14.31-31.99 32-31.99h352c17.69 0 32 14.3 32 31.99S417.7 288 400 288z\"><\/path><\/svg>\n\t\t\t\t\t\t\t<\/span>\n\t\t\t<span class=\"uagb-question\"><strong>Welche Behandlungs- oder Therapie-Empfehlungen zu welchen Krankheiten finde ich auf dieser Seite?<\/strong><\/span><\/div><div class=\"uagb-faq-content\"><p>Auf dieser Seite werden ausdr\u00fccklich <strong>keine<\/strong> <strong>Therapie- oder Behandlungsempfehlungen<\/strong> erteilt, <strong>da dies aus <\/strong>fachlichen und <strong>rechtlichen Gr\u00fcnden nicht m\u00f6glich ist.<\/strong><br><br><strong>ALTERNATIVE-MEDIZIN.NET GIBT JEDOCH FUNDIERTE INFORMATIONEN ZU ALTERNATIVEN BEHANDLUNGSM\u00d6GLICHKEITEN EINSCHLIESSLICH VERWEISEN AUF STUDIEN, EVIDENZ UND ERFAHRUNGEN DRITTER, UM EINE ANWENDUNG IN EIGENVERANTWORTUNG ZU ERM\u00d6GLICHEN.<\/strong><br><br>Es werden ausschlie\u00dflich Ver\u00f6ffentlichungen Dritter geteilt, entweder als Zusammenfassung wiedergegeben, als Verlinkung, oder als Zitate.<br>Diese Ver\u00f6ffentlichungen zeigen jedoch lediglich die Inhalte Dritter, sind aber ausdr\u00fccklich KEINE EMPFEHLUNG durch den oder die Betreiber dieser Internetseite.<br><br><strong>Es finden sich Inhalte mit Aussagen Dritter zu Therapie- und Behandlungsm\u00f6glichkeiten, die sich alternative-medizin.net jedoch nicht zu eigen macht, zu vielen Krankheitsbildern unter den folgenden Kategorien:<br><\/strong><br><strong>Erkrankungen des Herzens, Erkrankungen des Nervensystems und Gehirns, Erkrankungen der Haut, Infektionskrankheiten, Erkrankungen des Immunsystems, Krebserkrankungen, Erkrankungen der Lunge, psychische Erkrankungen, Schmerzzust\u00e4nde.<br><br>Der Katalog der Erkrankungen wird au\u00dferdem in Abh\u00e4ngigkeit neuer Erkenntnisse best\u00e4ndig erweitert.<\/strong><\/p><\/div><\/div><div class=\"wp-block-uagb-faq-child uagb-faq-child__outer-wrap uagb-faq-item uagb-block-e63e72cb \" role=\"tab\" tabindex=\"0\"><div class=\"uagb-faq-questions-button uagb-faq-questions\">\t\t\t<span class=\"uagb-icon uagb-faq-icon-wrap\">\n\t\t\t\t\t\t\t\t<svg xmlns=\"https:\/\/www.w3.org\/2000\/svg\" viewBox= \"0 0 448 512\"><path d=\"M432 256c0 17.69-14.33 32.01-32 32.01H256v144c0 17.69-14.33 31.99-32 31.99s-32-14.3-32-31.99v-144H48c-17.67 0-32-14.32-32-32.01s14.33-31.99 32-31.99H192v-144c0-17.69 14.33-32.01 32-32.01s32 14.32 32 32.01v144h144C417.7 224 432 238.3 432 256z\"><\/path><\/svg>\n\t\t\t\t\t\t\t<\/span>\n\t\t\t\t\t\t<span class=\"uagb-icon-active uagb-faq-icon-wrap\">\n\t\t\t\t\t\t\t\t<svg xmlns=\"https:\/\/www.w3.org\/2000\/svg\" viewBox= \"0 0 448 512\"><path d=\"M400 288h-352c-17.69 0-32-14.32-32-32.01s14.31-31.99 32-31.99h352c17.69 0 32 14.3 32 31.99S417.7 288 400 288z\"><\/path><\/svg>\n\t\t\t\t\t\t\t<\/span>\n\t\t\t<span class=\"uagb-question\"><strong>Welche Bereiche der alternativen Medizin werden auf dieser Seite behandelt?<\/strong><\/span><\/div><div class=\"uagb-faq-content\"><p>Auf alternative-medizin.net werden AUSSCHLIESSLICH alternativ oder komplement\u00e4r (erg\u00e4nzend, zus\u00e4tzlich) einsetzbare Medikamente oder Wirkstoffe behandelt.<br><br>Diese Wirkstoffe k\u00f6nnen aus allen Bereich stammen derzeit finden sich gelistete Wirkstoffe aus folgenden Bereichen: Pharmazie,  Chemie, Pflanzen- oder Pflanzenheilkunde, aus der unbelebten Natur, aus der Pilzkunde und aus der Imkerei \/ Bienenhaltung.<br><br>Auf alternative-medizin.net werden <strong>KEINE ALTERNATIVEN HEILVERFAHREN bestimmter Methoden<\/strong> behandelt, zum Beispiel findet keine Kategorisierung, Erl\u00e4uterung oder Vertiefung nach folgenden Kategorien (beispielhaft, nicht vollst\u00e4ndig) statt:<br>TCM, Akkupunktur, Bachbl\u00fctentherapie, Hom\u00f6opathie, (N)GM, Freuenztherapie, usw.<br><br>alternative-medizin.net besch\u00e4ftigt sich ausschlie\u00dflich mit therapeutisch einsetzbaren Wirkstoffen. Diese k\u00f6nnen aus der klassischen Schulmedizin, aus anderen medizinischen Bereichen, aus der Chemie, aus der Biologie, aus der Botanik, und weiteren stammen.<\/p><\/div><\/div><div class=\"wp-block-uagb-faq-child uagb-faq-child__outer-wrap uagb-faq-item uagb-block-3171b6d9 \" role=\"tab\" tabindex=\"0\"><div class=\"uagb-faq-questions-button uagb-faq-questions\">\t\t\t<span class=\"uagb-icon uagb-faq-icon-wrap\">\n\t\t\t\t\t\t\t\t<svg xmlns=\"https:\/\/www.w3.org\/2000\/svg\" viewBox= \"0 0 448 512\"><path d=\"M432 256c0 17.69-14.33 32.01-32 32.01H256v144c0 17.69-14.33 31.99-32 31.99s-32-14.3-32-31.99v-144H48c-17.67 0-32-14.32-32-32.01s14.33-31.99 32-31.99H192v-144c0-17.69 14.33-32.01 32-32.01s32 14.32 32 32.01v144h144C417.7 224 432 238.3 432 256z\"><\/path><\/svg>\n\t\t\t\t\t\t\t<\/span>\n\t\t\t\t\t\t<span class=\"uagb-icon-active uagb-faq-icon-wrap\">\n\t\t\t\t\t\t\t\t<svg xmlns=\"https:\/\/www.w3.org\/2000\/svg\" viewBox= \"0 0 448 512\"><path d=\"M400 288h-352c-17.69 0-32-14.32-32-32.01s14.31-31.99 32-31.99h352c17.69 0 32 14.3 32 31.99S417.7 288 400 288z\"><\/path><\/svg>\n\t\t\t\t\t\t\t<\/span>\n\t\t\t<span class=\"uagb-question\"><strong>Weshalb ist der Zugang zu diesen Informationen kostenpflichtig?<\/strong><\/span><\/div><div class=\"uagb-faq-content\"><p>Grunds\u00e4tzlich sind alle dargestellten Informationen kostenlos einsehbar. <br><br>alternative-medizin.net hat es sich lediglich zur Aufgabe gemacht, Informationen zu alternativ einsetzbaren Medikamenten und \/ oder Wirkstoffen auf einer zentralen Plattform zu sammeln, um dem Nutzer der Plattform die langwierige, schwierige und m\u00fchsame Recherche im Internet, der Literatur und weiteren Quellen zu ersparen. <br><br>So wird es Nutzern der Plattform alternative-medizin.net einfacher gemacht, bestehende alternative Heilmittel \u00fcberhaupt zu entdecken, von diesen zu erfahren, und das Risiko des \u00dcbersehens existenter alternativer Heilmittel zu reduzieren.<\/p><\/div><\/div><div class=\"wp-block-uagb-faq-child uagb-faq-child__outer-wrap uagb-faq-item uagb-block-191b0c72 \" role=\"tab\" tabindex=\"0\"><div class=\"uagb-faq-questions-button uagb-faq-questions\">\t\t\t<span class=\"uagb-icon uagb-faq-icon-wrap\">\n\t\t\t\t\t\t\t\t<svg xmlns=\"https:\/\/www.w3.org\/2000\/svg\" viewBox= \"0 0 448 512\"><path d=\"M432 256c0 17.69-14.33 32.01-32 32.01H256v144c0 17.69-14.33 31.99-32 31.99s-32-14.3-32-31.99v-144H48c-17.67 0-32-14.32-32-32.01s14.33-31.99 32-31.99H192v-144c0-17.69 14.33-32.01 32-32.01s32 14.32 32 32.01v144h144C417.7 224 432 238.3 432 256z\"><\/path><\/svg>\n\t\t\t\t\t\t\t<\/span>\n\t\t\t\t\t\t<span class=\"uagb-icon-active uagb-faq-icon-wrap\">\n\t\t\t\t\t\t\t\t<svg xmlns=\"https:\/\/www.w3.org\/2000\/svg\" viewBox= \"0 0 448 512\"><path d=\"M400 288h-352c-17.69 0-32-14.32-32-32.01s14.31-31.99 32-31.99h352c17.69 0 32 14.3 32 31.99S417.7 288 400 288z\"><\/path><\/svg>\n\t\t\t\t\t\t\t<\/span>\n\t\t\t<span class=\"uagb-question\"><strong>Werden auch neue Entdeckungen der alternativen Medizin behandelt?<\/strong><\/span><\/div><div class=\"uagb-faq-content\"><p>Ja. F\u00fcr angemeldete Mitglieder der Plattform gibt es einen Bereich, in welchem Berichte \u00fcber neue Entdeckungen sowie aktuelle Abhandlungen in jeglicher Form zu neuen Entdeckungen bekannt gemacht werden. <br>Trotz permanenter Recherche und verfolgen der medizinischen, pharmazeutischen und biologischen Publikationen kann jedoch keine Gew\u00e4hr daf\u00fcr \u00fcbernommen werden, mit welchem zeitlichen Versatz diese auf dieser Webseite erscheinen.<br>Wir sind jedoch st\u00e4ndig um h\u00f6chste Aktualit\u00e4t bem\u00fcht.<\/p><\/div><\/div><div class=\"wp-block-uagb-faq-child uagb-faq-child__outer-wrap uagb-faq-item uagb-block-dcc708e5 \" role=\"tab\" tabindex=\"0\"><div class=\"uagb-faq-questions-button uagb-faq-questions\">\t\t\t<span class=\"uagb-icon uagb-faq-icon-wrap\">\n\t\t\t\t\t\t\t\t<svg xmlns=\"https:\/\/www.w3.org\/2000\/svg\" viewBox= \"0 0 448 512\"><path d=\"M432 256c0 17.69-14.33 32.01-32 32.01H256v144c0 17.69-14.33 31.99-32 31.99s-32-14.3-32-31.99v-144H48c-17.67 0-32-14.32-32-32.01s14.33-31.99 32-31.99H192v-144c0-17.69 14.33-32.01 32-32.01s32 14.32 32 32.01v144h144C417.7 224 432 238.3 432 256z\"><\/path><\/svg>\n\t\t\t\t\t\t\t<\/span>\n\t\t\t\t\t\t<span class=\"uagb-icon-active uagb-faq-icon-wrap\">\n\t\t\t\t\t\t\t\t<svg xmlns=\"https:\/\/www.w3.org\/2000\/svg\" viewBox= \"0 0 448 512\"><path d=\"M400 288h-352c-17.69 0-32-14.32-32-32.01s14.31-31.99 32-31.99h352c17.69 0 32 14.3 32 31.99S417.7 288 400 288z\"><\/path><\/svg>\n\t\t\t\t\t\t\t<\/span>\n\t\t\t<span class=\"uagb-question\"><strong>Finde ich Bezugsquellen und Anwendungs- oder Dosierungsanleitungen auf dieser Seite?<\/strong><\/span><\/div><div class=\"uagb-faq-content\"><p>Bezugsquellen: <br><br>Ja. Wir nennen in der Regel Bezugsm\u00f6glichkeiten, jedoch ohne einzelne Anbieter zu benennen. Wir nennen aus Gr\u00fcnden der Unabh\u00e4ngigkeit keine spezifischen H\u00e4ndler oder Anbieter, erhalten daher auch keinerlei Provisionen oder Verg\u00fctungen von Anbietern.<br>Allerdings geben wir klare Hinweise darauf, wie sie selbst Bezugsquellen finden k\u00f6nnen.<br><br>In Einzelf\u00e4llen kann es vorkommen, dass wir tats\u00e4chlich einen konkreten Anbieter als Bezugsquelle nennen, dies in der Regel jedoch nur dann, wenn wir von diesem Anbieter keinerlei Provision oder sonstige Vorteile erhalten, und sofern dieser Anbieter eine herausragende Einzelstellung einnimmt (zum Beispiel der einzige Anbieter eines bestimmten Wirkstoffes ist).<br><br>Anwendungs- und Dosierungsanleitungen:<br><br>Sofern aus den Quellen unserer Informationen solche hervor gehen, f\u00fchren wir diese zusammengefasst separat auf. <br><br>Diese Informationen sind jedoch lediglich als Informationen Dritter zu verstehen, und keineswegs als ANLEITUNG und\/oder Handlungsaufforderung zu verstehen &#8211; hierzu bitte unseren Haftungsausschluss beachten!<br><\/p><\/div><\/div><div class=\"wp-block-uagb-faq-child uagb-faq-child__outer-wrap uagb-faq-item uagb-block-82e6b679 \" role=\"tab\" tabindex=\"0\"><div class=\"uagb-faq-questions-button uagb-faq-questions\">\t\t\t<span class=\"uagb-icon uagb-faq-icon-wrap\">\n\t\t\t\t\t\t\t\t<svg xmlns=\"https:\/\/www.w3.org\/2000\/svg\" viewBox= \"0 0 448 512\"><path d=\"M432 256c0 17.69-14.33 32.01-32 32.01H256v144c0 17.69-14.33 31.99-32 31.99s-32-14.3-32-31.99v-144H48c-17.67 0-32-14.32-32-32.01s14.33-31.99 32-31.99H192v-144c0-17.69 14.33-32.01 32-32.01s32 14.32 32 32.01v144h144C417.7 224 432 238.3 432 256z\"><\/path><\/svg>\n\t\t\t\t\t\t\t<\/span>\n\t\t\t\t\t\t<span class=\"uagb-icon-active uagb-faq-icon-wrap\">\n\t\t\t\t\t\t\t\t<svg xmlns=\"https:\/\/www.w3.org\/2000\/svg\" viewBox= \"0 0 448 512\"><path d=\"M400 288h-352c-17.69 0-32-14.32-32-32.01s14.31-31.99 32-31.99h352c17.69 0 32 14.3 32 31.99S417.7 288 400 288z\"><\/path><\/svg>\n\t\t\t\t\t\t\t<\/span>\n\t\t\t<span class=\"uagb-question\"><strong>Werden zu ALLEN Krankheitsbildern alle bekannten alternativen Behandlungsm\u00f6glichkeiten vorgestellt?<\/strong><\/span><\/div><div class=\"uagb-faq-content\"><p>NEIN.  <br><strong>Der Fokus von alternative-medizin.net liegt auf alternativen Behandlungsm\u00f6glichkeiten f\u00fcr Krankheiten mit folgenden Bedingungen:<\/strong><br>&#8211; Potentiell lebensbedrohliche Krankheiten<br>&#8211; Krankheiten mit starken Auswirkungen auf die Lebensqualit\u00e4t<br>&#8211;<strong> <\/strong>Krankheiten, f\u00fcr welche alternative Behandlungsm\u00f6glichkeiten <strong>mit der notwendigen Evidenz f\u00fcr Wirksamkeit<\/strong> existieren<br>&#8211; Krankheiten mit hoher Relevanz aufgrund der relativen H\u00e4ufigkeit des Auftretens<br><\/p><\/div><\/div><div class=\"wp-block-uagb-faq-child uagb-faq-child__outer-wrap uagb-faq-item uagb-block-7c0f4419 \" role=\"tab\" tabindex=\"0\"><div class=\"uagb-faq-questions-button uagb-faq-questions\">\t\t\t<span class=\"uagb-icon uagb-faq-icon-wrap\">\n\t\t\t\t\t\t\t\t<svg xmlns=\"https:\/\/www.w3.org\/2000\/svg\" viewBox= \"0 0 448 512\"><path d=\"M432 256c0 17.69-14.33 32.01-32 32.01H256v144c0 17.69-14.33 31.99-32 31.99s-32-14.3-32-31.99v-144H48c-17.67 0-32-14.32-32-32.01s14.33-31.99 32-31.99H192v-144c0-17.69 14.33-32.01 32-32.01s32 14.32 32 32.01v144h144C417.7 224 432 238.3 432 256z\"><\/path><\/svg>\n\t\t\t\t\t\t\t<\/span>\n\t\t\t\t\t\t<span class=\"uagb-icon-active uagb-faq-icon-wrap\">\n\t\t\t\t\t\t\t\t<svg xmlns=\"https:\/\/www.w3.org\/2000\/svg\" viewBox= \"0 0 448 512\"><path d=\"M400 288h-352c-17.69 0-32-14.32-32-32.01s14.31-31.99 32-31.99h352c17.69 0 32 14.3 32 31.99S417.7 288 400 288z\"><\/path><\/svg>\n\t\t\t\t\t\t\t<\/span>\n\t\t\t<span class=\"uagb-question\"><strong>Warum finde ich keine Hinweise zu einer bestimmten, mir bekannten Methode alternativer Medizin?<\/strong><\/span><\/div><div class=\"uagb-faq-content\"><p>Die Inhalte von alternative-medizin.net werden von fachkundigen Personen mit medizinischer Ausbildung recherchiert und ausgew\u00e4hlt.<br><br>Nicht allen existenten Behandlungsprinzipien und Behandlungsmethoden liegen ausreichend wissenschaftliche ODER erfahrungsbasierte Evidenzen f\u00fcr deren tats\u00e4chliche oder potentielle Wirksamkeit vor. Trifft dieser Mangel an Evidenz auf ein Heilverfahren nach einer bestimmten Methodik oder mit einem bestimmten Mittel zu, so wird dieses Heilverfahren oder das Mittel NICHT auf alternative-medizin.net gelistet.<br><br>Dennoch k\u00f6nnen einzelne Mittel aus bestimmten Heilverfahren oder alternativ-medizinischen Lehren vorgestellt sein, weil selektiv deren Wirkungen als erwiesen betrachtet werden k\u00f6nnen. <br><br><strong>So finden sich auf alternative-medizin.net durchaus Mittel, welche ihren Ursprung beispielsweise in der Hom\u00f6opathie oder der TCM (Traditionelle Chinesische Medizin) haben. <\/strong><br><\/p><\/div><\/div><\/div><\/div><\/div>\n\n\n\n<p><\/p>\n","protected":false},"excerpt":{"rendered":"","protected":false},"author":1,"featured_media":0,"parent":0,"menu_order":0,"comment_status":"closed","ping_status":"closed","template":"","meta":{"_uag_custom_page_level_css":"","site-sidebar-layout":"default","site-content-layout":"","ast-site-content-layout":"","site-content-style":"default","site-sidebar-style":"default","ast-global-header-display":"","ast-banner-title-visibility":"","ast-main-header-display":"","ast-hfb-above-header-display":"","ast-hfb-below-header-display":"","ast-hfb-mobile-header-display":"","site-post-title":"","ast-breadcrumbs-content":"","ast-featured-img":"","footer-sml-layout":"","theme-transparent-header-meta":"","adv-header-id-meta":"","stick-header-meta":"","header-above-stick-meta":"","header-main-stick-meta":"","header-below-stick-meta":"","astra-migrate-meta-layouts":"default","ast-page-background-enabled":"default","ast-page-background-meta":{"desktop":{"background-color":"var(--ast-global-color-5)","background-image":"","background-repeat":"repeat","background-position":"center center","background-size":"auto","background-attachment":"scroll","background-type":"","background-media":"","overlay-type":"","overlay-color":"","overlay-opacity":"","overlay-gradient":""},"tablet":{"background-color":"","background-image":"","background-repeat":"repeat","background-position":"center center","background-size":"auto","background-attachment":"scroll","background-type":"","background-media":"","overlay-type":"","overlay-color":"","overlay-opacity":"","overlay-gradient":""},"mobile":{"background-color":"","background-image":"","background-repeat":"repeat","background-position":"center center","background-size":"auto","background-attachment":"scroll","background-type":"","background-media":"","overlay-type":"","overlay-color":"","overlay-opacity":"","overlay-gradient":""}},"ast-content-background-meta":{"desktop":{"background-color":"var(--ast-global-color-4)","background-image":"","background-repeat":"repeat","background-position":"center center","background-size":"auto","background-attachment":"scroll","background-type":"","background-media":"","overlay-type":"","overlay-color":"","overlay-opacity":"","overlay-gradient":""},"tablet":{"background-color":"var(--ast-global-color-4)","background-image":"","background-repeat":"repeat","background-position":"center center","background-size":"auto","background-attachment":"scroll","background-type":"","background-media":"","overlay-type":"","overlay-color":"","overlay-opacity":"","overlay-gradient":""},"mobile":{"background-color":"var(--ast-global-color-4)","background-image":"","background-repeat":"repeat","background-position":"center center","background-size":"auto","background-attachment":"scroll","background-type":"","background-media":"","overlay-type":"","overlay-color":"","overlay-opacity":"","overlay-gradient":""}},"footnotes":""},"class_list":["post-610","page","type-page","status-publish","hentry"],"uagb_featured_image_src":{"full":false,"thumbnail":false,"medium":false,"medium_large":false,"large":false,"1536x1536":false,"2048x2048":false},"uagb_author_info":{"display_name":"bockulrich@ymail.com","author_link":"https:\/\/alternative-medizin.net\/?author=1"},"uagb_comment_info":0,"uagb_excerpt":null,"_links":{"self":[{"href":"https:\/\/alternative-medizin.net\/index.php?rest_route=\/wp\/v2\/pages\/610","targetHints":{"allow":["GET"]}}],"collection":[{"href":"https:\/\/alternative-medizin.net\/index.php?rest_route=\/wp\/v2\/pages"}],"about":[{"href":"https:\/\/alternative-medizin.net\/index.php?rest_route=\/wp\/v2\/types\/page"}],"author":[{"embeddable":true,"href":"https:\/\/alternative-medizin.net\/index.php?rest_route=\/wp\/v2\/users\/1"}],"replies":[{"embeddable":true,"href":"https:\/\/alternative-medizin.net\/index.php?rest_route=%2Fwp%2Fv2%2Fcomments&post=610"}],"version-history":[{"count":10,"href":"https:\/\/alternative-medizin.net\/index.php?rest_route=\/wp\/v2\/pages\/610\/revisions"}],"predecessor-version":[{"id":667,"href":"https:\/\/alternative-medizin.net\/index.php?rest_route=\/wp\/v2\/pages\/610\/revisions\/667"}],"wp:attachment":[{"href":"https:\/\/alternative-medizin.net\/index.php?rest_route=%2Fwp%2Fv2%2Fmedia&parent=610"}],"curies":[{"name":"wp","href":"https:\/\/api.w.org\/{rel}","templated":true}]}}